{"id":714,"date":"2023-04-04T00:00:59","date_gmt":"2023-04-04T00:00:59","guid":{"rendered":"http:\/\/harshad.sharkz.in\/?page_id=9"},"modified":"2025-12-29T02:42:45","modified_gmt":"2025-12-29T02:42:45","slug":"contato","status":"publish","type":"page","link":"https:\/\/sulirrigacao.com.br\/?page_id=714","title":{"rendered":"CONTATO"},"content":{"rendered":"\t\t<div data-elementor-type=\"wp-post\" data-elementor-id=\"714\" class=\"elementor elementor-714\">\n\t\t\t\t\t\t<section class=\"elementor-section elementor-top-section elementor-element elementor-element-a289485 elementor-section-boxed elementor-section-height-default elementor-section-height-default\" data-id=\"a289485\" data-element_type=\"section\" data-e-type=\"section\">\n\t\t\t\t\t\t<div class=\"elementor-container elementor-column-gap-wide\">\n\t\t\t\t\t<div class=\"elementor-column elementor-col-33 elementor-top-column elementor-element elementor-element-b4f6b1c\" data-id=\"b4f6b1c\" data-element_type=\"column\" data-e-type=\"column\">\n\t\t\t<div class=\"elementor-widget-wrap elementor-element-populated\">\n\t\t\t\t\t\t<div class=\"elementor-element elementor-element-aa57bf7 elementor-widget-divider--view-line elementor-widget elementor-widget-divider\" data-id=\"aa57bf7\" data-element_type=\"widget\" data-e-type=\"widget\" data-widget_type=\"divider.default\">\n\t\t\t\t<div class=\"elementor-widget-container\">\n\t\t\t\t\t\t\t<div class=\"elementor-divider\">\n\t\t\t<span class=\"elementor-divider-separator\">\n\t\t\t\t\t\t<\/span>\n\t\t<\/div>\n\t\t\t\t\t\t<\/div>\n\t\t\t\t<\/div>\n\t\t\t\t<div class=\"elementor-element elementor-element-bb400d4 elementor-widget elementor-widget-heading\" data-id=\"bb400d4\" data-element_type=\"widget\" data-e-type=\"widget\" data-widget_type=\"heading.default\">\n\t\t\t\t<div class=\"elementor-widget-container\">\n\t\t\t\t\t<h2 class=\"elementor-heading-title elementor-size-default\">               CONTATO<\/h2>\t\t\t\t<\/div>\n\t\t\t\t<\/div>\n\t\t\t\t<div class=\"elementor-element elementor-element-328f8a1 elementor-widget elementor-widget-image\" data-id=\"328f8a1\" data-element_type=\"widget\" data-e-type=\"widget\" data-widget_type=\"image.default\">\n\t\t\t\t<div class=\"elementor-widget-container\">\n\t\t\t\t\t\t\t\t\t\t\t\t\t\t\t<img decoding=\"async\" width=\"80\" height=\"80\" src=\"https:\/\/sulirrigacao.com.br\/wp-content\/uploads\/2023\/08\/contatwhat6.png\" class=\"attachment-full size-full wp-image-1568\" alt=\"\" \/>\t\t\t\t\t\t\t\t\t\t\t\t\t\t\t<\/div>\n\t\t\t\t<\/div>\n\t\t\t\t<div class=\"elementor-element elementor-element-b0a3b4b elementor-widget elementor-widget-text-editor\" data-id=\"b0a3b4b\" data-element_type=\"widget\" data-e-type=\"widget\" data-widget_type=\"text-editor.default\">\n\t\t\t\t<div class=\"elementor-widget-container\">\n\t\t\t\t\t\t\t\t\t<h3><span style=\"font-weight: bold; font-size: 1rem;\">Atendemos todo o Brasil <\/span><\/h3><h3><span style=\"font-weight: bold; font-size: 1rem;\">Fone \/ Whats\u00a0\u00a0<\/span><\/h3><h1>54 99661-4605<\/h1><h4>Entre em contato conosco pelo fone\/whats acima e solicite um or\u00e7amento sem compromisso. Podendo tamb\u00e9m caso preferir por e-mail, preencha o formul\u00e1rio e nos envia. Mensagem fora do hor\u00e1rio de atendimento ser\u00e3o respondidas no pr\u00f3ximo hor\u00e1rio de atendimento.\u00a0<\/h4><div>\u00a0<\/div><h4>Hor\u00e1rio de atendimento:<\/h4><h4>Segunda a quinta das<\/h4><h4>7h30 \u00e0s 18h30.<\/h4><h4>Sexta das 7h30 \u00e0s 16h30.<\/h4><h4>-Fechado no almo\u00e7o-<\/h4><h4>das 12h \u00e0s 13h.<\/h4>\t\t\t\t\t\t\t\t<\/div>\n\t\t\t\t<\/div>\n\t\t\t\t\t<\/div>\n\t\t<\/div>\n\t\t\t\t<div class=\"elementor-column elementor-col-66 elementor-top-column elementor-element elementor-element-10f3da9\" data-id=\"10f3da9\" data-element_type=\"column\" data-e-type=\"column\">\n\t\t\t<div class=\"elementor-widget-wrap elementor-element-populated\">\n\t\t\t\t\t\t<div class=\"elementor-element elementor-element-4d9fd10 elementor-widget elementor-widget-shortcode\" data-id=\"4d9fd10\" data-element_type=\"widget\" data-e-type=\"widget\" data-widget_type=\"shortcode.default\">\n\t\t\t\t<div class=\"elementor-widget-container\">\n\t\t\t\t\t\t\t<div class=\"elementor-shortcode\">\n<div class=\"wpcf7 no-js\" id=\"wpcf7-f2091-o1\" lang=\"pt-BR\" dir=\"ltr\" data-wpcf7-id=\"2091\">\n<div class=\"screen-reader-response\"><p role=\"status\" aria-live=\"polite\" aria-atomic=\"true\"><\/p> <ul><\/ul><\/div>\n<form action=\"\/index.php?rest_route=%2Fwp%2Fv2%2Fpages%2F714#wpcf7-f2091-o1\" method=\"post\" class=\"wpcf7-form init\" aria-label=\"Formul\u00e1rios de contato\" novalidate=\"novalidate\" data-status=\"init\">\n<fieldset class=\"hidden-fields-container\"><input type=\"hidden\" name=\"_wpcf7\" value=\"2091\" \/><input type=\"hidden\" name=\"_wpcf7_version\" value=\"6.1.5\" \/><input type=\"hidden\" name=\"_wpcf7_locale\" value=\"pt_BR\" \/><input type=\"hidden\" name=\"_wpcf7_unit_tag\" value=\"wpcf7-f2091-o1\" \/><input type=\"hidden\" name=\"_wpcf7_container_post\" value=\"0\" \/><input type=\"hidden\" name=\"_wpcf7_posted_data_hash\" value=\"\" \/>\n<\/fieldset>\n<p><label> Nome<br \/>\n<span class=\"wpcf7-form-control-wrap\" data-name=\"your-name\"><input size=\"40\" maxlength=\"400\" class=\"wpcf7-form-control wpcf7-text wpcf7-validates-as-required\" autocomplete=\"name\" aria-required=\"true\" aria-invalid=\"false\" value=\"\" type=\"text\" name=\"your-name\" \/><\/span> <\/label>\n<\/p>\n<p><label> Cidade e Estado<br \/>\n<span class=\"wpcf7-form-control-wrap\" data-name=\"your-cidadeeestado\"><input size=\"40\" maxlength=\"400\" class=\"wpcf7-form-control wpcf7-text wpcf7-validates-as-required\" autocomplete=\"cidadeeestado\" aria-required=\"true\" aria-invalid=\"false\" value=\"\" type=\"text\" name=\"your-cidadeeestado\" \/><\/span> <\/label>\n<\/p>\n<p><label> Fone Whats<br \/>\n<span class=\"wpcf7-form-control-wrap\" data-name=\"your-fonewhats\"><input size=\"40\" maxlength=\"400\" class=\"wpcf7-form-control wpcf7-text wpcf7-validates-as-required\" autocomplete=\"fonewhats\" aria-required=\"true\" aria-invalid=\"false\" value=\"\" type=\"text\" name=\"your-fonewhats\" \/><\/span> <\/label>\n<\/p>\n<p><label> e-mail<br \/>\n<span class=\"wpcf7-form-control-wrap\" data-name=\"your-email\"><input size=\"40\" maxlength=\"400\" class=\"wpcf7-form-control wpcf7-email wpcf7-validates-as-required wpcf7-text wpcf7-validates-as-email\" autocomplete=\"email\" aria-required=\"true\" aria-invalid=\"false\" value=\"\" type=\"email\" name=\"your-email\" \/><\/span> <\/label>\n<\/p>\n<p><label> Mensagem<br \/>\n<span class=\"wpcf7-form-control-wrap\" data-name=\"your-message\"><textarea cols=\"40\" rows=\"10\" maxlength=\"2000\" class=\"wpcf7-form-control wpcf7-textarea wpcf7-validates-as-required\" aria-required=\"true\" aria-invalid=\"false\" name=\"your-message\"><\/textarea><\/span> <\/label>\n<\/p>\n<p><input class=\"wpcf7-form-control wpcf7-submit has-spinner\" type=\"submit\" value=\"Enviar\" \/>\n<\/p><div class=\"wpcf7-response-output\" aria-hidden=\"true\"><\/div>\n<\/form>\n<\/div>\n<\/div>\n\t\t\t\t\t\t<\/div>\n\t\t\t\t<\/div>\n\t\t\t\t\t<\/div>\n\t\t<\/div>\n\t\t\t\t\t<\/div>\n\t\t<\/section>\n\t\t\t\t<\/div>\n\t\t","protected":false},"excerpt":{"rendered":"<p>CONTATO Atendemos todo o Brasil Fone \/ Whats\u00a0\u00a0 54 99661-4605 Entre em contato conosco pelo fone\/whats acima e solicite um or\u00e7amento sem compromisso. Podendo tamb\u00e9m caso preferir por e-mail, preencha o formul\u00e1rio e nos envia. Mensagem fora do hor\u00e1rio de atendimento ser\u00e3o respondidas no pr\u00f3ximo hor\u00e1rio de atendimento.\u00a0 \u00a0 Hor\u00e1rio de atendimento: Segunda a quinta &hellip; <a href=\"https:\/\/sulirrigacao.com.br\/?page_id=714\" class=\"more-link\">Continue lendo<span class=\"screen-reader-text\"> &#8220;CONTATO&#8221;<\/span><\/a><\/p>\n","protected":false},"author":1,"featured_media":0,"parent":0,"menu_order":0,"comment_status":"closed","ping_status":"closed","template":"elementor_header_footer","meta":{"footnotes":""},"class_list":["post-714","page","type-page","status-publish","hentry"],"yoast_head":"<!-- This site is optimized with the Yoast SEO plugin v27.3 - https:\/\/yoast.com\/product\/yoast-seo-wordpress\/ -->\n<title>Sul Irriga\u00e7\u00e3o - Sul Irriga\u00e7\u00e3o<\/title>\n<meta name=\"description\" content=\"Contato da Sul Irriga\u00e7\u00e3o pelo fone\/whats ou nos envia um formul\u00e1rio.\" \/>\n<meta name=\"robots\" content=\"index, follow, max-snippet:-1, max-image-preview:large, max-video-preview:-1\" \/>\n<link rel=\"canonical\" href=\"https:\/\/sulirrigacao.com.br\/?page_id=714\" \/>\n<meta property=\"og:locale\" content=\"pt_BR\" \/>\n<meta property=\"og:type\" content=\"article\" \/>\n<meta property=\"og:title\" content=\"Sul Irriga\u00e7\u00e3o - Sul Irriga\u00e7\u00e3o\" \/>\n<meta property=\"og:description\" content=\"Contato da Sul Irriga\u00e7\u00e3o pelo fone\/whats ou nos envia um formul\u00e1rio.\" \/>\n<meta property=\"og:url\" content=\"https:\/\/sulirrigacao.com.br\/?page_id=714\" \/>\n<meta property=\"og:site_name\" content=\"Sul Irriga\u00e7\u00e3o\" \/>\n<meta property=\"article:modified_time\" content=\"2025-12-29T02:42:45+00:00\" \/>\n<meta property=\"og:image\" content=\"https:\/\/sulirrigacao.com.br\/wp-content\/uploads\/2023\/08\/contatwhat6.png\" \/>\n\t<meta property=\"og:image:width\" content=\"80\" \/>\n\t<meta property=\"og:image:height\" content=\"80\" \/>\n\t<meta property=\"og:image:type\" content=\"image\/png\" \/>\n<meta name=\"twitter:card\" content=\"summary_large_image\" \/>\n<meta name=\"twitter:label1\" content=\"Est. tempo de leitura\" \/>\n\t<meta name=\"twitter:data1\" content=\"1 minuto\" \/>\n<script type=\"application\/ld+json\" class=\"yoast-schema-graph\">{\"@context\":\"https:\\\/\\\/schema.org\",\"@graph\":[{\"@type\":\"WebPage\",\"@id\":\"https:\\\/\\\/sulirrigacao.com.br\\\/?page_id=714\",\"url\":\"https:\\\/\\\/sulirrigacao.com.br\\\/?page_id=714\",\"name\":\"Sul Irriga\u00e7\u00e3o - Sul Irriga\u00e7\u00e3o\",\"isPartOf\":{\"@id\":\"https:\\\/\\\/sulirrigacao.com.br\\\/#website\"},\"primaryImageOfPage\":{\"@id\":\"https:\\\/\\\/sulirrigacao.com.br\\\/?page_id=714#primaryimage\"},\"image\":{\"@id\":\"https:\\\/\\\/sulirrigacao.com.br\\\/?page_id=714#primaryimage\"},\"thumbnailUrl\":\"https:\\\/\\\/sulirrigacao.com.br\\\/wp-content\\\/uploads\\\/2023\\\/08\\\/contatwhat6.png\",\"datePublished\":\"2023-04-04T00:00:59+00:00\",\"dateModified\":\"2025-12-29T02:42:45+00:00\",\"description\":\"Contato da Sul Irriga\u00e7\u00e3o pelo fone\\\/whats ou nos envia um formul\u00e1rio.\",\"breadcrumb\":{\"@id\":\"https:\\\/\\\/sulirrigacao.com.br\\\/?page_id=714#breadcrumb\"},\"inLanguage\":\"pt-BR\",\"potentialAction\":[{\"@type\":\"ReadAction\",\"target\":[\"https:\\\/\\\/sulirrigacao.com.br\\\/?page_id=714\"]}]},{\"@type\":\"ImageObject\",\"inLanguage\":\"pt-BR\",\"@id\":\"https:\\\/\\\/sulirrigacao.com.br\\\/?page_id=714#primaryimage\",\"url\":\"https:\\\/\\\/sulirrigacao.com.br\\\/wp-content\\\/uploads\\\/2023\\\/08\\\/contatwhat6.png\",\"contentUrl\":\"https:\\\/\\\/sulirrigacao.com.br\\\/wp-content\\\/uploads\\\/2023\\\/08\\\/contatwhat6.png\",\"width\":80,\"height\":80},{\"@type\":\"BreadcrumbList\",\"@id\":\"https:\\\/\\\/sulirrigacao.com.br\\\/?page_id=714#breadcrumb\",\"itemListElement\":[{\"@type\":\"ListItem\",\"position\":1,\"name\":\"In\u00edcio\",\"item\":\"https:\\\/\\\/sulirrigacao.com.br\\\/\"},{\"@type\":\"ListItem\",\"position\":2,\"name\":\"CONTATO\"}]},{\"@type\":\"WebSite\",\"@id\":\"https:\\\/\\\/sulirrigacao.com.br\\\/#website\",\"url\":\"https:\\\/\\\/sulirrigacao.com.br\\\/\",\"name\":\"Sul Irriga\u00e7\u00e3o\",\"description\":\"Empresa especializada em todos os sistemas de irriga\u00e7\u00e3o de pequeno, m\u00e9dio a grande porte de qualquer grau de complexidade seja para produ\u00e7\u00e3o agr\u00edcola e pecu\u00e1ria. Atendemos e instalamos com garantia nos estados do Rio Grande do Sul, Catarina e Paran\u00e1. E al\u00e9m de podermos atender outros estados.\",\"publisher\":{\"@id\":\"https:\\\/\\\/sulirrigacao.com.br\\\/#organization\"},\"potentialAction\":[{\"@type\":\"SearchAction\",\"target\":{\"@type\":\"EntryPoint\",\"urlTemplate\":\"https:\\\/\\\/sulirrigacao.com.br\\\/?s={search_term_string}\"},\"query-input\":{\"@type\":\"PropertyValueSpecification\",\"valueRequired\":true,\"valueName\":\"search_term_string\"}}],\"inLanguage\":\"pt-BR\"},{\"@type\":\"Organization\",\"@id\":\"https:\\\/\\\/sulirrigacao.com.br\\\/#organization\",\"name\":\"Sul Irriga\u00e7\u00e3o\",\"alternateName\":\"irriga\u00e7\u00e3o\",\"url\":\"https:\\\/\\\/sulirrigacao.com.br\\\/\",\"logo\":{\"@type\":\"ImageObject\",\"inLanguage\":\"pt-BR\",\"@id\":\"https:\\\/\\\/sulirrigacao.com.br\\\/#\\\/schema\\\/logo\\\/image\\\/\",\"url\":\"https:\\\/\\\/sulirrigacao.com.br\\\/wp-content\\\/uploads\\\/2023\\\/07\\\/sulirrigacao-logo10.png\",\"contentUrl\":\"https:\\\/\\\/sulirrigacao.com.br\\\/wp-content\\\/uploads\\\/2023\\\/07\\\/sulirrigacao-logo10.png\",\"width\":264,\"height\":264,\"caption\":\"Sul Irriga\u00e7\u00e3o\"},\"image\":{\"@id\":\"https:\\\/\\\/sulirrigacao.com.br\\\/#\\\/schema\\\/logo\\\/image\\\/\"}}]}<\/script>\n<!-- \/ Yoast SEO plugin. -->","yoast_head_json":{"title":"Sul Irriga\u00e7\u00e3o - Sul Irriga\u00e7\u00e3o","description":"Contato da Sul Irriga\u00e7\u00e3o pelo fone\/whats ou nos envia um formul\u00e1rio.","robots":{"index":"index","follow":"follow","max-snippet":"max-snippet:-1","max-image-preview":"max-image-preview:large","max-video-preview":"max-video-preview:-1"},"canonical":"https:\/\/sulirrigacao.com.br\/?page_id=714","og_locale":"pt_BR","og_type":"article","og_title":"Sul Irriga\u00e7\u00e3o - Sul Irriga\u00e7\u00e3o","og_description":"Contato da Sul Irriga\u00e7\u00e3o pelo fone\/whats ou nos envia um formul\u00e1rio.","og_url":"https:\/\/sulirrigacao.com.br\/?page_id=714","og_site_name":"Sul Irriga\u00e7\u00e3o","article_modified_time":"2025-12-29T02:42:45+00:00","og_image":[{"width":80,"height":80,"url":"https:\/\/sulirrigacao.com.br\/wp-content\/uploads\/2023\/08\/contatwhat6.png","type":"image\/png"}],"twitter_card":"summary_large_image","twitter_misc":{"Est. tempo de leitura":"1 minuto"},"schema":{"@context":"https:\/\/schema.org","@graph":[{"@type":"WebPage","@id":"https:\/\/sulirrigacao.com.br\/?page_id=714","url":"https:\/\/sulirrigacao.com.br\/?page_id=714","name":"Sul Irriga\u00e7\u00e3o - Sul Irriga\u00e7\u00e3o","isPartOf":{"@id":"https:\/\/sulirrigacao.com.br\/#website"},"primaryImageOfPage":{"@id":"https:\/\/sulirrigacao.com.br\/?page_id=714#primaryimage"},"image":{"@id":"https:\/\/sulirrigacao.com.br\/?page_id=714#primaryimage"},"thumbnailUrl":"https:\/\/sulirrigacao.com.br\/wp-content\/uploads\/2023\/08\/contatwhat6.png","datePublished":"2023-04-04T00:00:59+00:00","dateModified":"2025-12-29T02:42:45+00:00","description":"Contato da Sul Irriga\u00e7\u00e3o pelo fone\/whats ou nos envia um formul\u00e1rio.","breadcrumb":{"@id":"https:\/\/sulirrigacao.com.br\/?page_id=714#breadcrumb"},"inLanguage":"pt-BR","potentialAction":[{"@type":"ReadAction","target":["https:\/\/sulirrigacao.com.br\/?page_id=714"]}]},{"@type":"ImageObject","inLanguage":"pt-BR","@id":"https:\/\/sulirrigacao.com.br\/?page_id=714#primaryimage","url":"https:\/\/sulirrigacao.com.br\/wp-content\/uploads\/2023\/08\/contatwhat6.png","contentUrl":"https:\/\/sulirrigacao.com.br\/wp-content\/uploads\/2023\/08\/contatwhat6.png","width":80,"height":80},{"@type":"BreadcrumbList","@id":"https:\/\/sulirrigacao.com.br\/?page_id=714#breadcrumb","itemListElement":[{"@type":"ListItem","position":1,"name":"In\u00edcio","item":"https:\/\/sulirrigacao.com.br\/"},{"@type":"ListItem","position":2,"name":"CONTATO"}]},{"@type":"WebSite","@id":"https:\/\/sulirrigacao.com.br\/#website","url":"https:\/\/sulirrigacao.com.br\/","name":"Sul Irriga\u00e7\u00e3o","description":"Empresa especializada em todos os sistemas de irriga\u00e7\u00e3o de pequeno, m\u00e9dio a grande porte de qualquer grau de complexidade seja para produ\u00e7\u00e3o agr\u00edcola e pecu\u00e1ria. Atendemos e instalamos com garantia nos estados do Rio Grande do Sul, Catarina e Paran\u00e1. E al\u00e9m de podermos atender outros estados.","publisher":{"@id":"https:\/\/sulirrigacao.com.br\/#organization"},"potentialAction":[{"@type":"SearchAction","target":{"@type":"EntryPoint","urlTemplate":"https:\/\/sulirrigacao.com.br\/?s={search_term_string}"},"query-input":{"@type":"PropertyValueSpecification","valueRequired":true,"valueName":"search_term_string"}}],"inLanguage":"pt-BR"},{"@type":"Organization","@id":"https:\/\/sulirrigacao.com.br\/#organization","name":"Sul Irriga\u00e7\u00e3o","alternateName":"irriga\u00e7\u00e3o","url":"https:\/\/sulirrigacao.com.br\/","logo":{"@type":"ImageObject","inLanguage":"pt-BR","@id":"https:\/\/sulirrigacao.com.br\/#\/schema\/logo\/image\/","url":"https:\/\/sulirrigacao.com.br\/wp-content\/uploads\/2023\/07\/sulirrigacao-logo10.png","contentUrl":"https:\/\/sulirrigacao.com.br\/wp-content\/uploads\/2023\/07\/sulirrigacao-logo10.png","width":264,"height":264,"caption":"Sul Irriga\u00e7\u00e3o"},"image":{"@id":"https:\/\/sulirrigacao.com.br\/#\/schema\/logo\/image\/"}}]}},"_links":{"self":[{"href":"https:\/\/sulirrigacao.com.br\/index.php?rest_route=\/wp\/v2\/pages\/714","targetHints":{"allow":["GET"]}}],"collection":[{"href":"https:\/\/sulirrigacao.com.br\/index.php?rest_route=\/wp\/v2\/pages"}],"about":[{"href":"https:\/\/sulirrigacao.com.br\/index.php?rest_route=\/wp\/v2\/types\/page"}],"author":[{"embeddable":true,"href":"https:\/\/sulirrigacao.com.br\/index.php?rest_route=\/wp\/v2\/users\/1"}],"replies":[{"embeddable":true,"href":"https:\/\/sulirrigacao.com.br\/index.php?rest_route=%2Fwp%2Fv2%2Fcomments&post=714"}],"version-history":[{"count":177,"href":"https:\/\/sulirrigacao.com.br\/index.php?rest_route=\/wp\/v2\/pages\/714\/revisions"}],"predecessor-version":[{"id":2218,"href":"https:\/\/sulirrigacao.com.br\/index.php?rest_route=\/wp\/v2\/pages\/714\/revisions\/2218"}],"wp:attachment":[{"href":"https:\/\/sulirrigacao.com.br\/index.php?rest_route=%2Fwp%2Fv2%2Fmedia&parent=714"}],"curies":[{"name":"wp","href":"https:\/\/api.w.org\/{rel}","templated":true}]}}