{"id":621,"date":"2023-04-03T10:04:40","date_gmt":"2023-04-03T10:04:40","guid":{"rendered":"https:\/\/websitedemos.net\/life-coach-sara-john\/?page_id=621"},"modified":"2026-03-17T12:38:08","modified_gmt":"2026-03-17T12:38:08","slug":"irrigacao-aspersao-gotejamento-carretel-pivo-canhao-micro-automatizacao-represa-caxias-passo-fundo-erechim-santiago-alegrete-bage-pelotas-lageado-lages-fraiburgo-chapeco-mafra-guarapuava-cascavel-umua","status":"publish","type":"page","link":"https:\/\/sulirrigacao.com.br\/","title":{"rendered":"Sul Irriga\u00e7\u00e3o"},"content":{"rendered":"\t\t<div data-elementor-type=\"wp-post\" data-elementor-id=\"621\" class=\"elementor elementor-621\">\n\t\t\t\t\t\t<section class=\"elementor-section elementor-top-section elementor-element elementor-element-16793481 elementor-section-height-min-height elementor-section-items-stretch elementor-section-content-middle elementor-section-boxed elementor-section-height-default\" data-id=\"16793481\" data-element_type=\"section\" data-e-type=\"section\" data-settings=\"{&quot;background_background&quot;:&quot;gradient&quot;,&quot;shape_divider_bottom&quot;:&quot;curve&quot;,&quot;shape_divider_top&quot;:&quot;tilt&quot;}\">\n\t\t\t\t\t\t\t<div class=\"elementor-background-overlay\"><\/div>\n\t\t\t\t\t\t<div class=\"elementor-shape elementor-shape-top\" aria-hidden=\"true\" data-negative=\"false\">\n\t\t\t<svg xmlns=\"http:\/\/www.w3.org\/2000\/svg\" viewBox=\"0 0 1000 100\" preserveAspectRatio=\"none\">\n\t<path class=\"elementor-shape-fill\" d=\"M0,6V0h1000v100L0,6z\"\/>\n<\/svg>\t\t<\/div>\n\t\t\t\t<div class=\"elementor-shape elementor-shape-bottom\" aria-hidden=\"true\" data-negative=\"false\">\n\t\t\t<svg xmlns=\"http:\/\/www.w3.org\/2000\/svg\" viewBox=\"0 0 1000 100\" preserveAspectRatio=\"none\">\n    <path class=\"elementor-shape-fill\" d=\"M1000,4.3V0H0v4.3C0.9,23.1,126.7,99.2,500,100S1000,22.7,1000,4.3z\"\/>\n<\/svg>\t\t<\/div>\n\t\t\t\t\t<div class=\"elementor-container elementor-column-gap-wide\">\n\t\t\t\t\t<div class=\"elementor-column elementor-col-100 elementor-top-column elementor-element elementor-element-14115da3\" data-id=\"14115da3\" data-element_type=\"column\" data-e-type=\"column\">\n\t\t\t<div class=\"elementor-widget-wrap elementor-element-populated\">\n\t\t\t\t\t\t<div class=\"elementor-element elementor-element-0ad9b4a elementor-pagination-position-outside elementor-widget elementor-widget-image-carousel\" data-id=\"0ad9b4a\" data-element_type=\"widget\" data-e-type=\"widget\" data-settings=\"{&quot;slides_to_show&quot;:&quot;1&quot;,&quot;navigation&quot;:&quot;dots&quot;,&quot;autoplay&quot;:&quot;yes&quot;,&quot;pause_on_hover&quot;:&quot;yes&quot;,&quot;pause_on_interaction&quot;:&quot;yes&quot;,&quot;autoplay_speed&quot;:5000,&quot;infinite&quot;:&quot;yes&quot;,&quot;effect&quot;:&quot;slide&quot;,&quot;speed&quot;:500}\" data-widget_type=\"image-carousel.default\">\n\t\t\t\t<div class=\"elementor-widget-container\">\n\t\t\t\t\t\t\t<div class=\"elementor-image-carousel-wrapper swiper\" role=\"region\" aria-roledescription=\"carousel\" aria-label=\"Carrossel de imagens\" dir=\"ltr\">\n\t\t\t<div class=\"elementor-image-carousel swiper-wrapper\" aria-live=\"off\">\n\t\t\t\t\t\t\t\t<div class=\"swiper-slide\" role=\"group\" aria-roledescription=\"slide\" aria-label=\"1 de 10\"><figure class=\"swiper-slide-inner\"><img decoding=\"async\" class=\"swiper-slide-image\" src=\"https:\/\/sulirrigacao.com.br\/wp-content\/uploads\/2024\/05\/sul-irrigacao-aspersao-gotejamento-pivo-canhao-carretel-estufa-1-768x427.jpg\" alt=\"sul-irrigacao-aspersao-gotejamento-pivo-canhao-carretel-estufa\" \/><\/figure><\/div><div class=\"swiper-slide\" role=\"group\" aria-roledescription=\"slide\" aria-label=\"2 de 10\"><figure class=\"swiper-slide-inner\"><img decoding=\"async\" class=\"swiper-slide-image\" src=\"https:\/\/sulirrigacao.com.br\/wp-content\/uploads\/2024\/05\/b2a-768x427.jpg\" alt=\"b2a\" \/><\/figure><\/div><div class=\"swiper-slide\" role=\"group\" aria-roledescription=\"slide\" aria-label=\"3 de 10\"><figure class=\"swiper-slide-inner\"><img decoding=\"async\" class=\"swiper-slide-image\" src=\"https:\/\/sulirrigacao.com.br\/wp-content\/uploads\/2024\/05\/sul-irrigacao-empresa-768x427.png\" alt=\"sul-irrigacao-empresa\" \/><\/figure><\/div><div class=\"swiper-slide\" role=\"group\" aria-roledescription=\"slide\" aria-label=\"4 de 10\"><figure class=\"swiper-slide-inner\"><img decoding=\"async\" class=\"swiper-slide-image\" src=\"https:\/\/sulirrigacao.com.br\/wp-content\/uploads\/2024\/05\/sul-irrigacao-instalacao-768x429.jpg\" alt=\"sul-irrigacao-instalacao\" \/><\/figure><\/div><div class=\"swiper-slide\" role=\"group\" aria-roledescription=\"slide\" aria-label=\"5 de 10\"><figure class=\"swiper-slide-inner\"><img decoding=\"async\" class=\"swiper-slide-image\" src=\"https:\/\/sulirrigacao.com.br\/wp-content\/uploads\/2024\/05\/sul-irrigacao-pivo-768x431.jpg\" alt=\"sul-irrigacao-pivo\" \/><\/figure><\/div><div class=\"swiper-slide\" role=\"group\" aria-roledescription=\"slide\" aria-label=\"6 de 10\"><figure class=\"swiper-slide-inner\"><img decoding=\"async\" class=\"swiper-slide-image\" src=\"https:\/\/sulirrigacao.com.br\/wp-content\/uploads\/2024\/05\/sul-irrigacao-carretel-768x426.jpg\" alt=\"sul-irrigacao-carretel\" \/><\/figure><\/div><div class=\"swiper-slide\" role=\"group\" aria-roledescription=\"slide\" aria-label=\"7 de 10\"><figure class=\"swiper-slide-inner\"><img decoding=\"async\" class=\"swiper-slide-image\" src=\"https:\/\/sulirrigacao.com.br\/wp-content\/uploads\/2024\/05\/sul-irrigacao-estufa-768x434.jpg\" alt=\"sul-irrigacao-estufa\" \/><\/figure><\/div><div class=\"swiper-slide\" role=\"group\" aria-roledescription=\"slide\" aria-label=\"8 de 10\"><figure class=\"swiper-slide-inner\"><img decoding=\"async\" class=\"swiper-slide-image\" src=\"https:\/\/sulirrigacao.com.br\/wp-content\/uploads\/2024\/05\/sul-irrigacao-gotejamento-768x425.jpg\" alt=\"sul-irrigacao-gotejamento\" \/><\/figure><\/div><div class=\"swiper-slide\" role=\"group\" aria-roledescription=\"slide\" aria-label=\"9 de 10\"><figure class=\"swiper-slide-inner\"><img decoding=\"async\" class=\"swiper-slide-image\" src=\"https:\/\/sulirrigacao.com.br\/wp-content\/uploads\/2024\/05\/sul-irrigacao-micro-768x426.jpg\" alt=\"sul-irrigacao-micro\" \/><\/figure><\/div><div class=\"swiper-slide\" role=\"group\" aria-roledescription=\"slide\" aria-label=\"10 de 10\"><figure class=\"swiper-slide-inner\"><img decoding=\"async\" class=\"swiper-slide-image\" src=\"https:\/\/sulirrigacao.com.br\/wp-content\/uploads\/2024\/05\/sul-irrigacao-anti-geada-768x431.jpg\" alt=\"sul-irrigacao-anti-geada\" \/><\/figure><\/div>\t\t\t<\/div>\n\t\t\t\t\t\t\t\n\t\t\t\t\t\t\t\t\t<div class=\"swiper-pagination\"><\/div>\n\t\t\t\t\t\t\t\t\t<\/div>\n\t\t\t\t\t\t<\/div>\n\t\t\t\t<\/div>\n\t\t\t\t<div class=\"elementor-element elementor-element-3f6f62b0 elementor-widget-divider--view-line elementor-widget elementor-widget-divider\" data-id=\"3f6f62b0\" data-element_type=\"widget\" data-e-type=\"widget\" data-widget_type=\"divider.default\">\n\t\t\t\t<div class=\"elementor-widget-container\">\n\t\t\t\t\t\t\t<div class=\"elementor-divider\">\n\t\t\t<span class=\"elementor-divider-separator\">\n\t\t\t\t\t\t<\/span>\n\t\t<\/div>\n\t\t\t\t\t\t<\/div>\n\t\t\t\t<\/div>\n\t\t\t\t<div class=\"elementor-element elementor-element-29bdfd1d elementor-widget elementor-widget-text-editor\" data-id=\"29bdfd1d\" data-element_type=\"widget\" data-e-type=\"widget\" data-widget_type=\"text-editor.default\">\n\t\t\t\t<div class=\"elementor-widget-container\">\n\t\t\t\t\t\t\t\t\t<h3>EMPRESA:<\/h3><h2><span style=\"font-size: 13.0pt; font-family: 'Times New Roman','serif';\">Com mais de 20 anos no mercado, a <strong>Sul Irriga\u00e7\u00e3o<\/strong> \u00e9 especializada em sistemas de irriga\u00e7\u00e3o para o pequeno, m\u00e9dio e grande produtor, e de quaisquer n\u00edveis de complexidade a \u00e1rea seja, atendendo \u00e0s mais diversas demandas de produ\u00e7\u00e3o agr\u00edcola e pecu\u00e1ria. <\/span><\/h2><h2><span style=\"font-size: 13.0pt; font-family: 'Times New Roman','serif';\">\u00a0<\/span><span style=\"font-family: 'Times New Roman', 'serif'; font-size: 13pt; background-color: transparent;\">Contamos com uma equipe de profissionais altamente qualificados, com mais de 30 anos de experi\u00eancia no setor, preparados para oferecer as melhores solu\u00e7\u00f5es de irriga\u00e7\u00e3o, adequadas aos seus objetivos e necessidades.<\/span><\/h2><h2><strong><span style=\"font-size: 13.0pt; font-family: 'Times New Roman','serif';\">\u00a0<\/span><span style=\"font-size: 13.0pt; font-family: 'Times New Roman','serif';\">Abrang\u00eancia no Atendimento<\/span><\/strong><\/h2><h2><span style=\"font-size: 13.0pt; font-family: 'Times New Roman','serif';\">Atendemos em todo o Brasil, principalmente na regi\u00e3o Sul, atendendo plenamente os estados do <strong>Rio Grande do Sul<\/strong><b>, <strong>Catarina<\/strong> <\/b>e<b> <strong>Paran\u00e1<\/strong><\/b>, al\u00e9m de fornecer conjunto (kits) de irriga\u00e7\u00e3o personalizado para diversos outros estados do pa\u00eds.<\/span><\/h2><h2><strong><span style=\"font-size: 13.0pt;\">\u00a0<\/span><\/strong><strong style=\"background-color: transparent; font-size: 1rem;\"><span style=\"font-size: 13.0pt;\">Tecnologia e Inova\u00e7\u00e3o em Irriga\u00e7\u00e3o<\/span><\/strong><\/h2><h2><span style=\"font-size: 13.0pt; font-family: 'Times New Roman','serif';\">Oferecemos solu\u00e7\u00f5es completas de irriga\u00e7\u00e3o com equipamentos de alta qualidade, durabilidade e garantia. Nossos sistemas s\u00e3o bem instalados para garantir um funcionamento eficiente e sob medida para o sua propriedade. <\/span><\/h2><h2><span style=\"font-size: 13.0pt; font-family: 'Times New Roman','serif';\">\u00a0<\/span><span style=\"font-family: 'Times New Roman', 'serif'; font-size: 13pt; background-color: transparent;\">Com a <\/span><strong style=\"font-family: 'Times New Roman', 'serif'; font-size: 13pt; background-color: transparent;\">Sul Irriga\u00e7\u00e3o<\/strong><span style=\"font-family: 'Times New Roman', 'serif'; font-size: 13pt; background-color: transparent;\">, nossos clientes conseguem aumentar significativamente a produtividade, colhendo at\u00e9 <\/span><strong style=\"font-family: 'Times New Roman', 'serif'; font-size: 13pt; background-color: transparent;\">tr\u00eas safras anuais<\/strong><span style=\"font-family: 'Times New Roman', 'serif'; font-size: 13pt; background-color: transparent;\"> e alcan\u00e7ando volumes de produ\u00e7\u00e3o, <\/span><strong style=\"font-family: 'Times New Roman', 'serif'; font-size: 13pt; background-color: transparent;\">dobrados por safra<\/strong><span style=\"font-family: 'Times New Roman', 'serif'; font-size: 13pt; background-color: transparent;\">.<\/span><\/h2><h2><strong style=\"background-color: transparent; font-size: 1rem;\"><span style=\"font-size: 13.0pt;\">Facilidade no Financiamento<\/span><\/strong><\/h2><h2><span style=\"font-size: 13.0pt; font-family: 'Times New Roman','serif';\">Para facilitar o acesso ao nosso sistema de irriga\u00e7\u00e3o, oferecemos condi\u00e7\u00f5es de <b>organiza\u00e7\u00e3o de documenta\u00e7\u00e3o<\/b> para <strong>financiamento pelo banco de sua prefer\u00eancia<\/strong>, por meio de cr\u00e9ditos agr\u00edcolas. O <b>pagamento pode ser feito em at\u00e9<\/b> <strong>10 anos<\/strong>, com <strong>juros baixos<\/strong> e at\u00e9 <strong>3 anos de car\u00eancia<\/strong>, garantindo que seu investimento seja pago com tranquilidade e efici\u00eancia. <\/span><\/h2><h2><span style=\"font-family: 'Times New Roman', 'serif'; font-size: 13pt; background-color: transparent;\">Com sistema da <\/span><b style=\"font-family: 'Times New Roman', 'serif'; font-size: 13pt; background-color: transparent;\">Sul Irriga\u00e7\u00e3o<\/b><span style=\"font-family: 'Times New Roman', 'serif'; font-size: 13pt; background-color: transparent;\"> de alta performance, o seu retorno financeiro \u00e9 garantido, impulsionando a rentabilidade da sua produ\u00e7\u00e3o.<\/span><\/h2>\t\t\t\t\t\t\t\t<\/div>\n\t\t\t\t<\/div>\n\t\t\t\t<div class=\"elementor-element elementor-element-f9824aa elementor-widget elementor-widget-video\" data-id=\"f9824aa\" data-element_type=\"widget\" data-e-type=\"widget\" data-settings=\"{&quot;youtube_url&quot;:&quot;https:\\\/\\\/www.youtube.com\\\/watch?v=fg4bluv2jcs&quot;,&quot;video_type&quot;:&quot;youtube&quot;,&quot;controls&quot;:&quot;yes&quot;}\" data-widget_type=\"video.default\">\n\t\t\t\t<div class=\"elementor-widget-container\">\n\t\t\t\t\t\t\t<div class=\"elementor-wrapper elementor-open-inline\">\n\t\t\t<div class=\"elementor-video\"><\/div>\t\t<\/div>\n\t\t\t\t\t\t<\/div>\n\t\t\t\t<\/div>\n\t\t\t\t\t<\/div>\n\t\t<\/div>\n\t\t\t\t\t<\/div>\n\t\t<\/section>\n\t\t\t\t<\/div>\n\t\t","protected":false},"excerpt":{"rendered":"<p>EMPRESA: Com mais de 20 anos no mercado, a Sul Irriga\u00e7\u00e3o \u00e9 especializada em sistemas de irriga\u00e7\u00e3o para o pequeno, m\u00e9dio e grande produtor, e de quaisquer n\u00edveis de complexidade a \u00e1rea seja, atendendo \u00e0s mais diversas demandas de produ\u00e7\u00e3o agr\u00edcola e pecu\u00e1ria. \u00a0Contamos com uma equipe de profissionais altamente qualificados, com mais de 30 &hellip; <a href=\"https:\/\/sulirrigacao.com.br\/\" class=\"more-link\">Continue lendo<span class=\"screen-reader-text\"> &#8220;Sul Irriga\u00e7\u00e3o&#8221;<\/span><\/a><\/p>\n","protected":false},"author":1,"featured_media":0,"parent":0,"menu_order":0,"comment_status":"closed","ping_status":"closed","template":"","meta":{"footnotes":""},"class_list":["post-621","page","type-page","status-publish","hentry"],"yoast_head":"<!-- This site is optimized with the Yoast SEO plugin v27.3 - https:\/\/yoast.com\/product\/yoast-seo-wordpress\/ -->\n<title>Sul Irriga\u00e7\u00e3o - Sul Irriga\u00e7\u00e3o<\/title>\n<meta name=\"description\" content=\"Empresa especializada em todos os sistemas de irriga\u00e7\u00e3o profissional de pequeno a grande porte para produ\u00e7\u00e3o agr\u00edcola.\" \/>\n<meta name=\"robots\" content=\"index, follow, max-snippet:-1, max-image-preview:large, max-video-preview:-1\" \/>\n<link rel=\"canonical\" href=\"https:\/\/sulirrigacao.com.br\/\" \/>\n<meta property=\"og:locale\" content=\"pt_BR\" \/>\n<meta property=\"og:type\" content=\"article\" \/>\n<meta property=\"og:title\" content=\"Sul Irriga\u00e7\u00e3o - Sul Irriga\u00e7\u00e3o\" \/>\n<meta property=\"og:description\" content=\"Empresa especializada em todos os sistemas de irriga\u00e7\u00e3o profissional de pequeno a grande porte para produ\u00e7\u00e3o agr\u00edcola.\" \/>\n<meta property=\"og:url\" content=\"https:\/\/sulirrigacao.com.br\/\" \/>\n<meta property=\"og:site_name\" content=\"Sul Irriga\u00e7\u00e3o\" \/>\n<meta property=\"article:modified_time\" content=\"2026-03-17T12:38:08+00:00\" \/>\n<meta property=\"og:image\" content=\"https:\/\/sulirrigacao.com.br\/wp-content\/uploads\/2024\/05\/sul-irrigacao-aspersao-gotejamento-pivo-canhao-carretel-estufa-1-768x427.jpg\" \/>\n<meta name=\"twitter:card\" content=\"summary_large_image\" \/>\n<meta name=\"twitter:label1\" content=\"Est. tempo de leitura\" \/>\n\t<meta name=\"twitter:data1\" content=\"4 minutos\" \/>\n<script type=\"application\/ld+json\" class=\"yoast-schema-graph\">{\"@context\":\"https:\\\/\\\/schema.org\",\"@graph\":[{\"@type\":\"WebPage\",\"@id\":\"https:\\\/\\\/sulirrigacao.com.br\\\/\",\"url\":\"https:\\\/\\\/sulirrigacao.com.br\\\/\",\"name\":\"Sul Irriga\u00e7\u00e3o - Sul Irriga\u00e7\u00e3o\",\"isPartOf\":{\"@id\":\"https:\\\/\\\/sulirrigacao.com.br\\\/#website\"},\"primaryImageOfPage\":{\"@id\":\"https:\\\/\\\/sulirrigacao.com.br\\\/#primaryimage\"},\"image\":{\"@id\":\"https:\\\/\\\/sulirrigacao.com.br\\\/#primaryimage\"},\"thumbnailUrl\":\"https:\\\/\\\/sulirrigacao.com.br\\\/wp-content\\\/uploads\\\/2024\\\/05\\\/sul-irrigacao-aspersao-gotejamento-pivo-canhao-carretel-estufa-1-768x427.jpg\",\"datePublished\":\"2023-04-03T10:04:40+00:00\",\"dateModified\":\"2026-03-17T12:38:08+00:00\",\"description\":\"Empresa especializada em todos os sistemas de irriga\u00e7\u00e3o profissional de pequeno a grande porte para produ\u00e7\u00e3o agr\u00edcola.\",\"breadcrumb\":{\"@id\":\"https:\\\/\\\/sulirrigacao.com.br\\\/#breadcrumb\"},\"inLanguage\":\"pt-BR\",\"potentialAction\":[{\"@type\":\"ReadAction\",\"target\":[\"https:\\\/\\\/sulirrigacao.com.br\\\/\"]}]},{\"@type\":\"ImageObject\",\"inLanguage\":\"pt-BR\",\"@id\":\"https:\\\/\\\/sulirrigacao.com.br\\\/#primaryimage\",\"url\":\"https:\\\/\\\/sulirrigacao.com.br\\\/wp-content\\\/uploads\\\/2024\\\/05\\\/sul-irrigacao-aspersao-gotejamento-pivo-canhao-carretel-estufa-1.jpg\",\"contentUrl\":\"https:\\\/\\\/sulirrigacao.com.br\\\/wp-content\\\/uploads\\\/2024\\\/05\\\/sul-irrigacao-aspersao-gotejamento-pivo-canhao-carretel-estufa-1.jpg\",\"width\":800,\"height\":445},{\"@type\":\"BreadcrumbList\",\"@id\":\"https:\\\/\\\/sulirrigacao.com.br\\\/#breadcrumb\",\"itemListElement\":[{\"@type\":\"ListItem\",\"position\":1,\"name\":\"In\u00edcio\",\"item\":\"https:\\\/\\\/sulirrigacao.com.br\\\/\"},{\"@type\":\"ListItem\",\"position\":2,\"name\":\"Sul Irriga\u00e7\u00e3o\"}]},{\"@type\":\"WebSite\",\"@id\":\"https:\\\/\\\/sulirrigacao.com.br\\\/#website\",\"url\":\"https:\\\/\\\/sulirrigacao.com.br\\\/\",\"name\":\"Sul Irriga\u00e7\u00e3o\",\"description\":\"Empresa especializada em todos os sistemas de irriga\u00e7\u00e3o de pequeno, m\u00e9dio a grande porte de qualquer grau de complexidade seja para produ\u00e7\u00e3o agr\u00edcola e pecu\u00e1ria. Atendemos e instalamos com garantia nos estados do Rio Grande do Sul, Catarina e Paran\u00e1. E al\u00e9m de podermos atender outros estados.\",\"publisher\":{\"@id\":\"https:\\\/\\\/sulirrigacao.com.br\\\/#organization\"},\"potentialAction\":[{\"@type\":\"SearchAction\",\"target\":{\"@type\":\"EntryPoint\",\"urlTemplate\":\"https:\\\/\\\/sulirrigacao.com.br\\\/?s={search_term_string}\"},\"query-input\":{\"@type\":\"PropertyValueSpecification\",\"valueRequired\":true,\"valueName\":\"search_term_string\"}}],\"inLanguage\":\"pt-BR\"},{\"@type\":\"Organization\",\"@id\":\"https:\\\/\\\/sulirrigacao.com.br\\\/#organization\",\"name\":\"Sul Irriga\u00e7\u00e3o\",\"alternateName\":\"irriga\u00e7\u00e3o\",\"url\":\"https:\\\/\\\/sulirrigacao.com.br\\\/\",\"logo\":{\"@type\":\"ImageObject\",\"inLanguage\":\"pt-BR\",\"@id\":\"https:\\\/\\\/sulirrigacao.com.br\\\/#\\\/schema\\\/logo\\\/image\\\/\",\"url\":\"https:\\\/\\\/sulirrigacao.com.br\\\/wp-content\\\/uploads\\\/2023\\\/07\\\/sulirrigacao-logo10.png\",\"contentUrl\":\"https:\\\/\\\/sulirrigacao.com.br\\\/wp-content\\\/uploads\\\/2023\\\/07\\\/sulirrigacao-logo10.png\",\"width\":264,\"height\":264,\"caption\":\"Sul Irriga\u00e7\u00e3o\"},\"image\":{\"@id\":\"https:\\\/\\\/sulirrigacao.com.br\\\/#\\\/schema\\\/logo\\\/image\\\/\"}}]}<\/script>\n<!-- \/ Yoast SEO plugin. -->","yoast_head_json":{"title":"Sul Irriga\u00e7\u00e3o - Sul Irriga\u00e7\u00e3o","description":"Empresa especializada em todos os sistemas de irriga\u00e7\u00e3o profissional de pequeno a grande porte para produ\u00e7\u00e3o agr\u00edcola.","robots":{"index":"index","follow":"follow","max-snippet":"max-snippet:-1","max-image-preview":"max-image-preview:large","max-video-preview":"max-video-preview:-1"},"canonical":"https:\/\/sulirrigacao.com.br\/","og_locale":"pt_BR","og_type":"article","og_title":"Sul Irriga\u00e7\u00e3o - Sul Irriga\u00e7\u00e3o","og_description":"Empresa especializada em todos os sistemas de irriga\u00e7\u00e3o profissional de pequeno a grande porte para produ\u00e7\u00e3o agr\u00edcola.","og_url":"https:\/\/sulirrigacao.com.br\/","og_site_name":"Sul Irriga\u00e7\u00e3o","article_modified_time":"2026-03-17T12:38:08+00:00","og_image":[{"url":"https:\/\/sulirrigacao.com.br\/wp-content\/uploads\/2024\/05\/sul-irrigacao-aspersao-gotejamento-pivo-canhao-carretel-estufa-1-768x427.jpg","type":"","width":"","height":""}],"twitter_card":"summary_large_image","twitter_misc":{"Est. tempo de leitura":"4 minutos"},"schema":{"@context":"https:\/\/schema.org","@graph":[{"@type":"WebPage","@id":"https:\/\/sulirrigacao.com.br\/","url":"https:\/\/sulirrigacao.com.br\/","name":"Sul Irriga\u00e7\u00e3o - Sul Irriga\u00e7\u00e3o","isPartOf":{"@id":"https:\/\/sulirrigacao.com.br\/#website"},"primaryImageOfPage":{"@id":"https:\/\/sulirrigacao.com.br\/#primaryimage"},"image":{"@id":"https:\/\/sulirrigacao.com.br\/#primaryimage"},"thumbnailUrl":"https:\/\/sulirrigacao.com.br\/wp-content\/uploads\/2024\/05\/sul-irrigacao-aspersao-gotejamento-pivo-canhao-carretel-estufa-1-768x427.jpg","datePublished":"2023-04-03T10:04:40+00:00","dateModified":"2026-03-17T12:38:08+00:00","description":"Empresa especializada em todos os sistemas de irriga\u00e7\u00e3o profissional de pequeno a grande porte para produ\u00e7\u00e3o agr\u00edcola.","breadcrumb":{"@id":"https:\/\/sulirrigacao.com.br\/#breadcrumb"},"inLanguage":"pt-BR","potentialAction":[{"@type":"ReadAction","target":["https:\/\/sulirrigacao.com.br\/"]}]},{"@type":"ImageObject","inLanguage":"pt-BR","@id":"https:\/\/sulirrigacao.com.br\/#primaryimage","url":"https:\/\/sulirrigacao.com.br\/wp-content\/uploads\/2024\/05\/sul-irrigacao-aspersao-gotejamento-pivo-canhao-carretel-estufa-1.jpg","contentUrl":"https:\/\/sulirrigacao.com.br\/wp-content\/uploads\/2024\/05\/sul-irrigacao-aspersao-gotejamento-pivo-canhao-carretel-estufa-1.jpg","width":800,"height":445},{"@type":"BreadcrumbList","@id":"https:\/\/sulirrigacao.com.br\/#breadcrumb","itemListElement":[{"@type":"ListItem","position":1,"name":"In\u00edcio","item":"https:\/\/sulirrigacao.com.br\/"},{"@type":"ListItem","position":2,"name":"Sul Irriga\u00e7\u00e3o"}]},{"@type":"WebSite","@id":"https:\/\/sulirrigacao.com.br\/#website","url":"https:\/\/sulirrigacao.com.br\/","name":"Sul Irriga\u00e7\u00e3o","description":"Empresa especializada em todos os sistemas de irriga\u00e7\u00e3o de pequeno, m\u00e9dio a grande porte de qualquer grau de complexidade seja para produ\u00e7\u00e3o agr\u00edcola e pecu\u00e1ria. Atendemos e instalamos com garantia nos estados do Rio Grande do Sul, Catarina e Paran\u00e1. E al\u00e9m de podermos atender outros estados.","publisher":{"@id":"https:\/\/sulirrigacao.com.br\/#organization"},"potentialAction":[{"@type":"SearchAction","target":{"@type":"EntryPoint","urlTemplate":"https:\/\/sulirrigacao.com.br\/?s={search_term_string}"},"query-input":{"@type":"PropertyValueSpecification","valueRequired":true,"valueName":"search_term_string"}}],"inLanguage":"pt-BR"},{"@type":"Organization","@id":"https:\/\/sulirrigacao.com.br\/#organization","name":"Sul Irriga\u00e7\u00e3o","alternateName":"irriga\u00e7\u00e3o","url":"https:\/\/sulirrigacao.com.br\/","logo":{"@type":"ImageObject","inLanguage":"pt-BR","@id":"https:\/\/sulirrigacao.com.br\/#\/schema\/logo\/image\/","url":"https:\/\/sulirrigacao.com.br\/wp-content\/uploads\/2023\/07\/sulirrigacao-logo10.png","contentUrl":"https:\/\/sulirrigacao.com.br\/wp-content\/uploads\/2023\/07\/sulirrigacao-logo10.png","width":264,"height":264,"caption":"Sul Irriga\u00e7\u00e3o"},"image":{"@id":"https:\/\/sulirrigacao.com.br\/#\/schema\/logo\/image\/"}}]}},"_links":{"self":[{"href":"https:\/\/sulirrigacao.com.br\/index.php?rest_route=\/wp\/v2\/pages\/621","targetHints":{"allow":["GET"]}}],"collection":[{"href":"https:\/\/sulirrigacao.com.br\/index.php?rest_route=\/wp\/v2\/pages"}],"about":[{"href":"https:\/\/sulirrigacao.com.br\/index.php?rest_route=\/wp\/v2\/types\/page"}],"author":[{"embeddable":true,"href":"https:\/\/sulirrigacao.com.br\/index.php?rest_route=\/wp\/v2\/users\/1"}],"replies":[{"embeddable":true,"href":"https:\/\/sulirrigacao.com.br\/index.php?rest_route=%2Fwp%2Fv2%2Fcomments&post=621"}],"version-history":[{"count":191,"href":"https:\/\/sulirrigacao.com.br\/index.php?rest_route=\/wp\/v2\/pages\/621\/revisions"}],"predecessor-version":[{"id":2279,"href":"https:\/\/sulirrigacao.com.br\/index.php?rest_route=\/wp\/v2\/pages\/621\/revisions\/2279"}],"wp:attachment":[{"href":"https:\/\/sulirrigacao.com.br\/index.php?rest_route=%2Fwp%2Fv2%2Fmedia&parent=621"}],"curies":[{"name":"wp","href":"https:\/\/api.w.org\/{rel}","templated":true}]}}