{"id":2130,"date":"2024-10-07T14:18:18","date_gmt":"2024-10-07T14:18:18","guid":{"rendered":"https:\/\/sulirrigacao.com.br\/?page_id=2130"},"modified":"2025-02-11T12:48:51","modified_gmt":"2025-02-11T12:48:51","slug":"perguntas-e-respostas-de-irrigacao","status":"publish","type":"page","link":"https:\/\/sulirrigacao.com.br\/?page_id=2130","title":{"rendered":"PERGUNTAS E RESPOSTAS DE IRRIGA\u00c7\u00c3O"},"content":{"rendered":"\t\t<div data-elementor-type=\"wp-page\" data-elementor-id=\"2130\" class=\"elementor elementor-2130\">\n\t\t\t\t\t\t<section class=\"elementor-section elementor-top-section elementor-element elementor-element-ca6033f elementor-section-boxed elementor-section-height-default elementor-section-height-default\" data-id=\"ca6033f\" data-element_type=\"section\" data-e-type=\"section\">\n\t\t\t\t\t\t<div class=\"elementor-container elementor-column-gap-default\">\n\t\t\t\t\t<div class=\"elementor-column elementor-col-100 elementor-top-column elementor-element elementor-element-6dd51e1\" data-id=\"6dd51e1\" data-element_type=\"column\" data-e-type=\"column\">\n\t\t\t<div class=\"elementor-widget-wrap elementor-element-populated\">\n\t\t\t\t\t\t<div class=\"elementor-element elementor-element-5131f3e elementor-pagination-position-outside elementor-widget elementor-widget-image-carousel\" data-id=\"5131f3e\" data-element_type=\"widget\" data-e-type=\"widget\" data-settings=\"{&quot;slides_to_show&quot;:&quot;1&quot;,&quot;navigation&quot;:&quot;dots&quot;,&quot;autoplay&quot;:&quot;yes&quot;,&quot;pause_on_hover&quot;:&quot;yes&quot;,&quot;pause_on_interaction&quot;:&quot;yes&quot;,&quot;autoplay_speed&quot;:5000,&quot;infinite&quot;:&quot;yes&quot;,&quot;effect&quot;:&quot;slide&quot;,&quot;speed&quot;:500}\" data-widget_type=\"image-carousel.default\">\n\t\t\t\t<div class=\"elementor-widget-container\">\n\t\t\t\t\t\t\t<div class=\"elementor-image-carousel-wrapper swiper\" role=\"region\" aria-roledescription=\"carousel\" aria-label=\"Carrossel de imagens\" dir=\"ltr\">\n\t\t\t<div class=\"elementor-image-carousel swiper-wrapper\" aria-live=\"off\">\n\t\t\t\t\t\t\t\t<div class=\"swiper-slide\" role=\"group\" aria-roledescription=\"slide\" aria-label=\"1 de 10\"><figure class=\"swiper-slide-inner\"><img decoding=\"async\" class=\"swiper-slide-image\" src=\"https:\/\/sulirrigacao.com.br\/wp-content\/uploads\/2024\/05\/sul-irrigacao-aspersao-gotejamento-pivo-canhao-carretel-estufa-768x427.jpg\" alt=\"sul-irrigacao-aspersao-gotejamento-pivo-canh\u00e3o-carretel-estufa\" \/><\/figure><\/div><div class=\"swiper-slide\" role=\"group\" aria-roledescription=\"slide\" aria-label=\"2 de 10\"><figure class=\"swiper-slide-inner\"><img decoding=\"async\" class=\"swiper-slide-image\" src=\"https:\/\/sulirrigacao.com.br\/wp-content\/uploads\/2024\/05\/b2a-768x427.jpg\" alt=\"b2a\" \/><\/figure><\/div><div class=\"swiper-slide\" role=\"group\" aria-roledescription=\"slide\" aria-label=\"3 de 10\"><figure class=\"swiper-slide-inner\"><img decoding=\"async\" class=\"swiper-slide-image\" src=\"https:\/\/sulirrigacao.com.br\/wp-content\/uploads\/2024\/05\/sul-irrigacao-empresa-768x427.png\" alt=\"sul-irrigacao-empresa\" \/><\/figure><\/div><div class=\"swiper-slide\" role=\"group\" aria-roledescription=\"slide\" aria-label=\"4 de 10\"><figure class=\"swiper-slide-inner\"><img decoding=\"async\" class=\"swiper-slide-image\" src=\"https:\/\/sulirrigacao.com.br\/wp-content\/uploads\/2024\/05\/sul-irrigacao-instalacao-768x429.jpg\" alt=\"sul-irrigacao-instalacao\" \/><\/figure><\/div><div class=\"swiper-slide\" role=\"group\" aria-roledescription=\"slide\" aria-label=\"5 de 10\"><figure class=\"swiper-slide-inner\"><img decoding=\"async\" class=\"swiper-slide-image\" src=\"https:\/\/sulirrigacao.com.br\/wp-content\/uploads\/2024\/05\/sul-irrigacao-pivo-768x431.jpg\" alt=\"sul-irrigacao-pivo\" \/><\/figure><\/div><div class=\"swiper-slide\" role=\"group\" aria-roledescription=\"slide\" aria-label=\"6 de 10\"><figure class=\"swiper-slide-inner\"><img decoding=\"async\" class=\"swiper-slide-image\" src=\"https:\/\/sulirrigacao.com.br\/wp-content\/uploads\/2024\/05\/sul-irrigacao-carretel-768x426.jpg\" alt=\"sul-irrigacao-carretel\" \/><\/figure><\/div><div class=\"swiper-slide\" role=\"group\" aria-roledescription=\"slide\" aria-label=\"7 de 10\"><figure class=\"swiper-slide-inner\"><img decoding=\"async\" class=\"swiper-slide-image\" src=\"https:\/\/sulirrigacao.com.br\/wp-content\/uploads\/2024\/05\/sul-irrigacao-estufa-768x434.jpg\" alt=\"sul-irrigacao-estufa\" \/><\/figure><\/div><div class=\"swiper-slide\" role=\"group\" aria-roledescription=\"slide\" aria-label=\"8 de 10\"><figure class=\"swiper-slide-inner\"><img decoding=\"async\" class=\"swiper-slide-image\" src=\"https:\/\/sulirrigacao.com.br\/wp-content\/uploads\/2024\/05\/sul-irrigacao-gotejamento-768x425.jpg\" alt=\"sul-irrigacao-gotejamento\" \/><\/figure><\/div><div class=\"swiper-slide\" role=\"group\" aria-roledescription=\"slide\" aria-label=\"9 de 10\"><figure class=\"swiper-slide-inner\"><img decoding=\"async\" class=\"swiper-slide-image\" src=\"https:\/\/sulirrigacao.com.br\/wp-content\/uploads\/2024\/05\/sul-irrigacao-micro-768x426.jpg\" alt=\"sul-irrigacao-micro\" \/><\/figure><\/div><div class=\"swiper-slide\" role=\"group\" aria-roledescription=\"slide\" aria-label=\"10 de 10\"><figure class=\"swiper-slide-inner\"><img decoding=\"async\" class=\"swiper-slide-image\" src=\"https:\/\/sulirrigacao.com.br\/wp-content\/uploads\/2024\/05\/sul-irrigacao-anti-geada-768x431.jpg\" alt=\"sul-irrigacao-anti-geada\" \/><\/figure><\/div>\t\t\t<\/div>\n\t\t\t\t\t\t\t\n\t\t\t\t\t\t\t\t\t<div class=\"swiper-pagination\"><\/div>\n\t\t\t\t\t\t\t\t\t<\/div>\n\t\t\t\t\t\t<\/div>\n\t\t\t\t<\/div>\n\t\t\t\t<div class=\"elementor-element elementor-element-47496ed elementor-widget elementor-widget-text-editor\" data-id=\"47496ed\" data-element_type=\"widget\" data-e-type=\"widget\" data-widget_type=\"text-editor.default\">\n\t\t\t\t<div class=\"elementor-widget-container\">\n\t\t\t\t\t\t\t\t\t<h5>Vale a pena fazer irriga\u00e7\u00e3o?<\/h5><p>Sim vale a pena, sendo os equipamentos corretos de irriga\u00e7\u00e3o.<\/p><h5>Porque \u00e9 importante fazer irriga\u00e7\u00e3o?<\/h5><p>\u00c9 importante para ter uma melhor produ\u00e7\u00e3o, resultando em melhor colheita do que planta ou mesmo tamb\u00e9m na produ\u00e7\u00e3o de leite e carne etc.<\/p><h5>Compensa fazer irriga\u00e7\u00e3o?<\/h5><p>Sim compensa a irriga\u00e7\u00e3o fazendo a rega adequada com que planta, lhe proporcionara maior rentabilidade na produ\u00e7\u00e3o. E com isso pagando o investimento e tendo bom retorno cont\u00ednuo em todas as colheitas.<\/p><h5>Qual melhor irriga\u00e7\u00e3o a usar gotejamento ou aspers\u00e3o?<\/h5><p>Depende a cultivar o que esta plantando, o gotejamento se usa mais onde tem pouca \u00e1gua, porem a cultivar que aceita mais o gotejamento exemplo cultivo de tomate. J\u00e1 \u00a0aspers\u00e3o abrange uma maior quantidade de tipos de cultivar exemplo milho.<\/p><p>Nos cultivos que a aspers\u00e3o sai melhor, se pode usar o gotejamento, mas o rendimento da produ\u00e7\u00e3o ser\u00e1 menor do que tivesse usando aspers\u00e3o. A garantia de usar o gotejamento do que n\u00e3o usar nada, \u00e9 que se assegura a produ\u00e7\u00e3o.<\/p><h5>Como fazer irriga\u00e7\u00e3o?<\/h5><p>N\u00e3o \u00e9 recomendando fazer irriga\u00e7\u00e3o pelos olhos, pois isso 99% vai dar alguma coisa de errado. O que tem que fazer \u00e9 procurar uma empresa especifica de irriga\u00e7\u00e3o. Assim essa empresa te fornecera os equipamentos corretos para fazer a irriga\u00e7\u00e3o.<\/p><h5>Como escolher uma boa empresa de irriga\u00e7\u00e3o?<\/h5><p>Para escolher uma boa empresa de irriga\u00e7\u00e3o que ira lhe fornecer os equipamentos corretos de irriga\u00e7\u00e3o. Fa\u00e7a esses seguintes passos: certifica-se que se \u00e9 empresa especifica de irriga\u00e7\u00e3o e que tenha experi\u00eancia, se tem trabalhos realizados etc.<\/p><p>Por outro lado ficar atento, pois a muitas empresas por ai at\u00e9 mesmo empresas diversas quem n\u00e9 \u00e9 de irriga\u00e7\u00e3o, que vendem de tudo e vendem alguns tipos de equipamentos de irriga\u00e7\u00e3o. Muitas dessas empresas nem sabem te explicar apertar um parafuso de irriga\u00e7\u00e3o, muito menos te fornecer os equipamentos corretos que realmente voc\u00ea precisa. Ganham no pre\u00e7o ilus\u00f3rio, equipamentos muitas vezes de baixa qualidade ou de capacidade inferior com que voc\u00ea precisa. Tudo isso resultando para voc\u00ea em jogar dinheiro fora e muitas vezes tendo perdas grandes na planta\u00e7\u00e3o; um preju\u00edzo e tanto.<\/p><p><span style=\"text-decoration: underline;\">ATEN\u00c7\u00c3O:<\/span> A reprodu\u00e7\u00e3o e divulga\u00e7\u00e3o desde artigo; usar cr\u00e9ditos a Sul Irriga\u00e7\u00e3o.<\/p>\t\t\t\t\t\t\t\t<\/div>\n\t\t\t\t<\/div>\n\t\t\t\t<div class=\"elementor-element elementor-element-05e4a86 elementor-widget elementor-widget-video\" data-id=\"05e4a86\" data-element_type=\"widget\" data-e-type=\"widget\" data-settings=\"{&quot;youtube_url&quot;:&quot;https:\\\/\\\/www.youtube.com\\\/watch?v=fg4bluv2jcs&quot;,&quot;video_type&quot;:&quot;youtube&quot;,&quot;controls&quot;:&quot;yes&quot;}\" data-widget_type=\"video.default\">\n\t\t\t\t<div class=\"elementor-widget-container\">\n\t\t\t\t\t\t\t<div class=\"elementor-wrapper elementor-open-inline\">\n\t\t\t<div class=\"elementor-video\"><\/div>\t\t<\/div>\n\t\t\t\t\t\t<\/div>\n\t\t\t\t<\/div>\n\t\t\t\t\t<\/div>\n\t\t<\/div>\n\t\t\t\t\t<\/div>\n\t\t<\/section>\n\t\t\t\t<\/div>\n\t\t","protected":false},"excerpt":{"rendered":"<p>Vale a pena fazer irriga\u00e7\u00e3o? Sim vale a pena, sendo os equipamentos corretos de irriga\u00e7\u00e3o. Porque \u00e9 importante fazer irriga\u00e7\u00e3o? \u00c9 importante para ter uma melhor produ\u00e7\u00e3o, resultando em melhor colheita do que planta ou mesmo tamb\u00e9m na produ\u00e7\u00e3o de leite e carne etc. Compensa fazer irriga\u00e7\u00e3o? Sim compensa a irriga\u00e7\u00e3o fazendo a rega adequada &hellip; <a href=\"https:\/\/sulirrigacao.com.br\/?page_id=2130\" class=\"more-link\">Continue lendo<span class=\"screen-reader-text\"> &#8220;PERGUNTAS E RESPOSTAS DE IRRIGA\u00c7\u00c3O&#8221;<\/span><\/a><\/p>\n","protected":false},"author":1,"featured_media":0,"parent":0,"menu_order":0,"comment_status":"closed","ping_status":"closed","template":"","meta":{"footnotes":""},"class_list":["post-2130","page","type-page","status-publish","hentry"],"yoast_head":"<!-- This site is optimized with the Yoast SEO plugin v27.3 - https:\/\/yoast.com\/product\/yoast-seo-wordpress\/ -->\n<title>Sul Irriga\u00e7\u00e3o - Sul Irriga\u00e7\u00e3o<\/title>\n<meta name=\"description\" content=\"Empresa especializada em todos os sistemas de irriga\u00e7\u00e3o profissional de pequeno a grande porte para atender as mais variadas demandas de produ\u00e7\u00e3o agr\u00edcola. Atendemos e instalamos com garantia. Atendemos todo o Brasil, principalmente nos estados do Rio Grande do Sul, Catarinense e Paran\u00e1. E como tamb\u00e9m em Mato Grosso e Mato Grosso do Sul.\" \/>\n<meta name=\"robots\" content=\"index, follow, max-snippet:-1, max-image-preview:large, max-video-preview:-1\" \/>\n<link rel=\"canonical\" href=\"https:\/\/sulirrigacao.com.br\/?page_id=2130\" \/>\n<meta property=\"og:locale\" content=\"pt_BR\" \/>\n<meta property=\"og:type\" content=\"article\" \/>\n<meta property=\"og:title\" content=\"Sul Irriga\u00e7\u00e3o - Sul Irriga\u00e7\u00e3o\" \/>\n<meta property=\"og:description\" content=\"Empresa especializada em todos os sistemas de irriga\u00e7\u00e3o profissional de pequeno a grande porte para atender as mais variadas demandas de produ\u00e7\u00e3o agr\u00edcola. Atendemos e instalamos com garantia. Atendemos todo o Brasil, principalmente nos estados do Rio Grande do Sul, Catarinense e Paran\u00e1. E como tamb\u00e9m em Mato Grosso e Mato Grosso do Sul.\" \/>\n<meta property=\"og:url\" content=\"https:\/\/sulirrigacao.com.br\/?page_id=2130\" \/>\n<meta property=\"og:site_name\" content=\"Sul Irriga\u00e7\u00e3o\" \/>\n<meta property=\"article:modified_time\" content=\"2025-02-11T12:48:51+00:00\" \/>\n<meta property=\"og:image\" content=\"https:\/\/sulirrigacao.com.br\/wp-content\/uploads\/2024\/05\/sul-irrigacao-aspersao-gotejamento-pivo-canhao-carretel-estufa-768x427.jpg\" \/>\n<meta name=\"twitter:card\" content=\"summary_large_image\" \/>\n<meta name=\"twitter:label1\" content=\"Est. tempo de leitura\" \/>\n\t<meta name=\"twitter:data1\" content=\"5 minutos\" \/>\n<script type=\"application\/ld+json\" class=\"yoast-schema-graph\">{\"@context\":\"https:\\\/\\\/schema.org\",\"@graph\":[{\"@type\":\"WebPage\",\"@id\":\"https:\\\/\\\/sulirrigacao.com.br\\\/?page_id=2130\",\"url\":\"https:\\\/\\\/sulirrigacao.com.br\\\/?page_id=2130\",\"name\":\"Sul Irriga\u00e7\u00e3o - Sul Irriga\u00e7\u00e3o\",\"isPartOf\":{\"@id\":\"https:\\\/\\\/sulirrigacao.com.br\\\/#website\"},\"primaryImageOfPage\":{\"@id\":\"https:\\\/\\\/sulirrigacao.com.br\\\/?page_id=2130#primaryimage\"},\"image\":{\"@id\":\"https:\\\/\\\/sulirrigacao.com.br\\\/?page_id=2130#primaryimage\"},\"thumbnailUrl\":\"https:\\\/\\\/sulirrigacao.com.br\\\/wp-content\\\/uploads\\\/2024\\\/05\\\/sul-irrigacao-aspersao-gotejamento-pivo-canhao-carretel-estufa-768x427.jpg\",\"datePublished\":\"2024-10-07T14:18:18+00:00\",\"dateModified\":\"2025-02-11T12:48:51+00:00\",\"description\":\"Empresa especializada em todos os sistemas de irriga\u00e7\u00e3o profissional de pequeno a grande porte para atender as mais variadas demandas de produ\u00e7\u00e3o agr\u00edcola. Atendemos e instalamos com garantia. Atendemos todo o Brasil, principalmente nos estados do Rio Grande do Sul, Catarinense e Paran\u00e1. E como tamb\u00e9m em Mato Grosso e Mato Grosso do Sul.\",\"breadcrumb\":{\"@id\":\"https:\\\/\\\/sulirrigacao.com.br\\\/?page_id=2130#breadcrumb\"},\"inLanguage\":\"pt-BR\",\"potentialAction\":[{\"@type\":\"ReadAction\",\"target\":[\"https:\\\/\\\/sulirrigacao.com.br\\\/?page_id=2130\"]}]},{\"@type\":\"ImageObject\",\"inLanguage\":\"pt-BR\",\"@id\":\"https:\\\/\\\/sulirrigacao.com.br\\\/?page_id=2130#primaryimage\",\"url\":\"https:\\\/\\\/sulirrigacao.com.br\\\/wp-content\\\/uploads\\\/2024\\\/05\\\/sul-irrigacao-aspersao-gotejamento-pivo-canhao-carretel-estufa.jpg\",\"contentUrl\":\"https:\\\/\\\/sulirrigacao.com.br\\\/wp-content\\\/uploads\\\/2024\\\/05\\\/sul-irrigacao-aspersao-gotejamento-pivo-canhao-carretel-estufa.jpg\",\"width\":800,\"height\":445},{\"@type\":\"BreadcrumbList\",\"@id\":\"https:\\\/\\\/sulirrigacao.com.br\\\/?page_id=2130#breadcrumb\",\"itemListElement\":[{\"@type\":\"ListItem\",\"position\":1,\"name\":\"In\u00edcio\",\"item\":\"https:\\\/\\\/sulirrigacao.com.br\\\/\"},{\"@type\":\"ListItem\",\"position\":2,\"name\":\"PERGUNTAS E RESPOSTAS DE IRRIGA\u00c7\u00c3O\"}]},{\"@type\":\"WebSite\",\"@id\":\"https:\\\/\\\/sulirrigacao.com.br\\\/#website\",\"url\":\"https:\\\/\\\/sulirrigacao.com.br\\\/\",\"name\":\"Sul Irriga\u00e7\u00e3o\",\"description\":\"Empresa especializada em todos os sistemas de irriga\u00e7\u00e3o de pequeno, m\u00e9dio a grande porte de qualquer grau de complexidade seja para produ\u00e7\u00e3o agr\u00edcola e pecu\u00e1ria. Atendemos e instalamos com garantia nos estados do Rio Grande do Sul, Catarina e Paran\u00e1. E al\u00e9m de podermos atender outros estados.\",\"publisher\":{\"@id\":\"https:\\\/\\\/sulirrigacao.com.br\\\/#organization\"},\"potentialAction\":[{\"@type\":\"SearchAction\",\"target\":{\"@type\":\"EntryPoint\",\"urlTemplate\":\"https:\\\/\\\/sulirrigacao.com.br\\\/?s={search_term_string}\"},\"query-input\":{\"@type\":\"PropertyValueSpecification\",\"valueRequired\":true,\"valueName\":\"search_term_string\"}}],\"inLanguage\":\"pt-BR\"},{\"@type\":\"Organization\",\"@id\":\"https:\\\/\\\/sulirrigacao.com.br\\\/#organization\",\"name\":\"Sul Irriga\u00e7\u00e3o\",\"alternateName\":\"irriga\u00e7\u00e3o\",\"url\":\"https:\\\/\\\/sulirrigacao.com.br\\\/\",\"logo\":{\"@type\":\"ImageObject\",\"inLanguage\":\"pt-BR\",\"@id\":\"https:\\\/\\\/sulirrigacao.com.br\\\/#\\\/schema\\\/logo\\\/image\\\/\",\"url\":\"https:\\\/\\\/sulirrigacao.com.br\\\/wp-content\\\/uploads\\\/2023\\\/07\\\/sulirrigacao-logo10.png\",\"contentUrl\":\"https:\\\/\\\/sulirrigacao.com.br\\\/wp-content\\\/uploads\\\/2023\\\/07\\\/sulirrigacao-logo10.png\",\"width\":264,\"height\":264,\"caption\":\"Sul Irriga\u00e7\u00e3o\"},\"image\":{\"@id\":\"https:\\\/\\\/sulirrigacao.com.br\\\/#\\\/schema\\\/logo\\\/image\\\/\"}}]}<\/script>\n<!-- \/ Yoast SEO plugin. -->","yoast_head_json":{"title":"Sul Irriga\u00e7\u00e3o - Sul Irriga\u00e7\u00e3o","description":"Empresa especializada em todos os sistemas de irriga\u00e7\u00e3o profissional de pequeno a grande porte para atender as mais variadas demandas de produ\u00e7\u00e3o agr\u00edcola. Atendemos e instalamos com garantia. Atendemos todo o Brasil, principalmente nos estados do Rio Grande do Sul, Catarinense e Paran\u00e1. E como tamb\u00e9m em Mato Grosso e Mato Grosso do Sul.","robots":{"index":"index","follow":"follow","max-snippet":"max-snippet:-1","max-image-preview":"max-image-preview:large","max-video-preview":"max-video-preview:-1"},"canonical":"https:\/\/sulirrigacao.com.br\/?page_id=2130","og_locale":"pt_BR","og_type":"article","og_title":"Sul Irriga\u00e7\u00e3o - Sul Irriga\u00e7\u00e3o","og_description":"Empresa especializada em todos os sistemas de irriga\u00e7\u00e3o profissional de pequeno a grande porte para atender as mais variadas demandas de produ\u00e7\u00e3o agr\u00edcola. Atendemos e instalamos com garantia. Atendemos todo o Brasil, principalmente nos estados do Rio Grande do Sul, Catarinense e Paran\u00e1. E como tamb\u00e9m em Mato Grosso e Mato Grosso do Sul.","og_url":"https:\/\/sulirrigacao.com.br\/?page_id=2130","og_site_name":"Sul Irriga\u00e7\u00e3o","article_modified_time":"2025-02-11T12:48:51+00:00","og_image":[{"url":"https:\/\/sulirrigacao.com.br\/wp-content\/uploads\/2024\/05\/sul-irrigacao-aspersao-gotejamento-pivo-canhao-carretel-estufa-768x427.jpg","type":"","width":"","height":""}],"twitter_card":"summary_large_image","twitter_misc":{"Est. tempo de leitura":"5 minutos"},"schema":{"@context":"https:\/\/schema.org","@graph":[{"@type":"WebPage","@id":"https:\/\/sulirrigacao.com.br\/?page_id=2130","url":"https:\/\/sulirrigacao.com.br\/?page_id=2130","name":"Sul Irriga\u00e7\u00e3o - Sul Irriga\u00e7\u00e3o","isPartOf":{"@id":"https:\/\/sulirrigacao.com.br\/#website"},"primaryImageOfPage":{"@id":"https:\/\/sulirrigacao.com.br\/?page_id=2130#primaryimage"},"image":{"@id":"https:\/\/sulirrigacao.com.br\/?page_id=2130#primaryimage"},"thumbnailUrl":"https:\/\/sulirrigacao.com.br\/wp-content\/uploads\/2024\/05\/sul-irrigacao-aspersao-gotejamento-pivo-canhao-carretel-estufa-768x427.jpg","datePublished":"2024-10-07T14:18:18+00:00","dateModified":"2025-02-11T12:48:51+00:00","description":"Empresa especializada em todos os sistemas de irriga\u00e7\u00e3o profissional de pequeno a grande porte para atender as mais variadas demandas de produ\u00e7\u00e3o agr\u00edcola. Atendemos e instalamos com garantia. Atendemos todo o Brasil, principalmente nos estados do Rio Grande do Sul, Catarinense e Paran\u00e1. E como tamb\u00e9m em Mato Grosso e Mato Grosso do Sul.","breadcrumb":{"@id":"https:\/\/sulirrigacao.com.br\/?page_id=2130#breadcrumb"},"inLanguage":"pt-BR","potentialAction":[{"@type":"ReadAction","target":["https:\/\/sulirrigacao.com.br\/?page_id=2130"]}]},{"@type":"ImageObject","inLanguage":"pt-BR","@id":"https:\/\/sulirrigacao.com.br\/?page_id=2130#primaryimage","url":"https:\/\/sulirrigacao.com.br\/wp-content\/uploads\/2024\/05\/sul-irrigacao-aspersao-gotejamento-pivo-canhao-carretel-estufa.jpg","contentUrl":"https:\/\/sulirrigacao.com.br\/wp-content\/uploads\/2024\/05\/sul-irrigacao-aspersao-gotejamento-pivo-canhao-carretel-estufa.jpg","width":800,"height":445},{"@type":"BreadcrumbList","@id":"https:\/\/sulirrigacao.com.br\/?page_id=2130#breadcrumb","itemListElement":[{"@type":"ListItem","position":1,"name":"In\u00edcio","item":"https:\/\/sulirrigacao.com.br\/"},{"@type":"ListItem","position":2,"name":"PERGUNTAS E RESPOSTAS DE IRRIGA\u00c7\u00c3O"}]},{"@type":"WebSite","@id":"https:\/\/sulirrigacao.com.br\/#website","url":"https:\/\/sulirrigacao.com.br\/","name":"Sul Irriga\u00e7\u00e3o","description":"Empresa especializada em todos os sistemas de irriga\u00e7\u00e3o de pequeno, m\u00e9dio a grande porte de qualquer grau de complexidade seja para produ\u00e7\u00e3o agr\u00edcola e pecu\u00e1ria. Atendemos e instalamos com garantia nos estados do Rio Grande do Sul, Catarina e Paran\u00e1. E al\u00e9m de podermos atender outros estados.","publisher":{"@id":"https:\/\/sulirrigacao.com.br\/#organization"},"potentialAction":[{"@type":"SearchAction","target":{"@type":"EntryPoint","urlTemplate":"https:\/\/sulirrigacao.com.br\/?s={search_term_string}"},"query-input":{"@type":"PropertyValueSpecification","valueRequired":true,"valueName":"search_term_string"}}],"inLanguage":"pt-BR"},{"@type":"Organization","@id":"https:\/\/sulirrigacao.com.br\/#organization","name":"Sul Irriga\u00e7\u00e3o","alternateName":"irriga\u00e7\u00e3o","url":"https:\/\/sulirrigacao.com.br\/","logo":{"@type":"ImageObject","inLanguage":"pt-BR","@id":"https:\/\/sulirrigacao.com.br\/#\/schema\/logo\/image\/","url":"https:\/\/sulirrigacao.com.br\/wp-content\/uploads\/2023\/07\/sulirrigacao-logo10.png","contentUrl":"https:\/\/sulirrigacao.com.br\/wp-content\/uploads\/2023\/07\/sulirrigacao-logo10.png","width":264,"height":264,"caption":"Sul Irriga\u00e7\u00e3o"},"image":{"@id":"https:\/\/sulirrigacao.com.br\/#\/schema\/logo\/image\/"}}]}},"_links":{"self":[{"href":"https:\/\/sulirrigacao.com.br\/index.php?rest_route=\/wp\/v2\/pages\/2130","targetHints":{"allow":["GET"]}}],"collection":[{"href":"https:\/\/sulirrigacao.com.br\/index.php?rest_route=\/wp\/v2\/pages"}],"about":[{"href":"https:\/\/sulirrigacao.com.br\/index.php?rest_route=\/wp\/v2\/types\/page"}],"author":[{"embeddable":true,"href":"https:\/\/sulirrigacao.com.br\/index.php?rest_route=\/wp\/v2\/users\/1"}],"replies":[{"embeddable":true,"href":"https:\/\/sulirrigacao.com.br\/index.php?rest_route=%2Fwp%2Fv2%2Fcomments&post=2130"}],"version-history":[{"count":11,"href":"https:\/\/sulirrigacao.com.br\/index.php?rest_route=\/wp\/v2\/pages\/2130\/revisions"}],"predecessor-version":[{"id":2172,"href":"https:\/\/sulirrigacao.com.br\/index.php?rest_route=\/wp\/v2\/pages\/2130\/revisions\/2172"}],"wp:attachment":[{"href":"https:\/\/sulirrigacao.com.br\/index.php?rest_route=%2Fwp%2Fv2%2Fmedia&parent=2130"}],"curies":[{"name":"wp","href":"https:\/\/api.w.org\/{rel}","templated":true}]}}